{"id":1738,"date":"2024-11-13T03:25:41","date_gmt":"2024-11-13T03:25:41","guid":{"rendered":"https:\/\/inicio-principio.nppe1.site\/-09L\/?page_id=1738"},"modified":"2024-12-09T23:55:07","modified_gmt":"2024-12-09T23:55:07","slug":"index-13","status":"publish","type":"page","link":"https:\/\/www.formacionprincipio.bplr.site\/-09p\/index-13\/","title":{"rendered":"Index-13"},"content":{"rendered":"\t\t<div data-elementor-type=\"wp-page\" data-elementor-id=\"1738\" class=\"elementor elementor-1738\">\n\t\t\t\t\t\t<section class=\"elementor-section elementor-top-section elementor-element elementor-element-62f6845 elementor-section-full_width elementor-section-stretched elementor-hidden-tablet elementor-hidden-mobile elementor-section-height-default elementor-section-height-default\" data-id=\"62f6845\" data-element_type=\"section\" data-e-type=\"section\" data-settings=\"{&quot;stretch_section&quot;:&quot;section-stretched&quot;,&quot;background_background&quot;:&quot;classic&quot;}\">\n\t\t\t\t\t\t<div class=\"elementor-container elementor-column-gap-default\">\n\t\t\t\t\t<div class=\"elementor-column elementor-col-100 elementor-top-column elementor-element elementor-element-1563020\" data-id=\"1563020\" data-element_type=\"column\" data-e-type=\"column\">\n\t\t\t<div class=\"elementor-widget-wrap elementor-element-populated\">\n\t\t\t\t\t\t<section class=\"elementor-section elementor-inner-section elementor-element elementor-element-5b80f99 elementor-section-boxed elementor-section-height-default elementor-section-height-default\" data-id=\"5b80f99\" data-element_type=\"section\" data-e-type=\"section\">\n\t\t\t\t\t\t<div class=\"elementor-container elementor-column-gap-default\">\n\t\t\t\t\t<div class=\"elementor-column elementor-col-50 elementor-inner-column elementor-element elementor-element-c1aa3ea\" data-id=\"c1aa3ea\" data-element_type=\"column\" data-e-type=\"column\">\n\t\t\t<div class=\"elementor-widget-wrap elementor-element-populated\">\n\t\t\t\t\t\t<div class=\"elementor-element elementor-element-392f042 elementor-widget elementor-widget-image\" data-id=\"392f042\" data-element_type=\"widget\" data-e-type=\"widget\" data-widget_type=\"image.default\">\n\t\t\t\t<div class=\"elementor-widget-container\">\n\t\t\t\t\t\t\t\t\t\t\t\t\t\t\t<img fetchpriority=\"high\" decoding=\"async\" width=\"1007\" height=\"120\" src=\"https:\/\/www.formacionprincipio.bplr.site\/-09p\/wp-content\/uploads\/2022\/07\/logo-dav.png\" class=\"attachment-large size-large wp-image-404\" alt=\"\" srcset=\"https:\/\/formacionprincipio.bplr.site\/-09p\/wp-content\/uploads\/2022\/07\/logo-dav.png 1007w, https:\/\/formacionprincipio.bplr.site\/-09p\/wp-content\/uploads\/2022\/07\/logo-dav-300x36.png 300w, https:\/\/formacionprincipio.bplr.site\/-09p\/wp-content\/uploads\/2022\/07\/logo-dav-768x92.png 768w\" sizes=\"(max-width: 1007px) 100vw, 1007px\" \/>\t\t\t\t\t\t\t\t\t\t\t\t\t\t\t<\/div>\n\t\t\t\t<\/div>\n\t\t\t\t\t<\/div>\n\t\t<\/div>\n\t\t\t\t<div class=\"elementor-column elementor-col-50 elementor-inner-column elementor-element elementor-element-b9c7f41\" data-id=\"b9c7f41\" data-element_type=\"column\" data-e-type=\"column\">\n\t\t\t<div class=\"elementor-widget-wrap elementor-element-populated\">\n\t\t\t\t\t\t<div class=\"elementor-element elementor-element-151e1f7 elementor-widget elementor-widget-html\" data-id=\"151e1f7\" data-element_type=\"widget\" data-e-type=\"widget\" data-widget_type=\"html.default\">\n\t\t\t\t<div class=\"elementor-widget-container\">\n\t\t\t\t\t<div class=\"Estilo1\" id=\"current_date\">\r\n  <div align=\"right\">\r\n    <script> \r\nvar diasSemana = new Array (\"Domingo\",\"Lunes\",\"Martes\",\"Mi\u00e9rcoles\",\"Jueves\",\"Viernes\",\"S\u00e1bado\");\r\nvar meses = new Array (\"Enero\",\"Febrero\",\"Marzo\",\"Abril\",\"Mayo\",\"Junio\",\"Julio\",\"Agosto\",\"Septiembre\",\"Octubre\",\"Noviembre\",\"Diciembre\");\r\nvar f=new Date(); \r\ndocument.getElementById(\"current_date\").innerHTML = (\"Fecha y hora actual: \" + \" \" + diasSemana[f.getDay()] + \" \" + f.getDate() + \" de \" + meses[f.getMonth()] + \" de \" + f.getFullYear() + \" \" + \" \" + f.getHours() + \":\" +  f.getMinutes() + \":\" + f.getSeconds());\r\n  <\/script>\r\n  <\/div>\r\n<\/div>\r\n\t\t\t\t<\/div>\n\t\t\t\t<\/div>\n\t\t\t\t<div class=\"elementor-element elementor-element-01385c1 elementor-widget elementor-widget-heading\" data-id=\"01385c1\" data-element_type=\"widget\" data-e-type=\"widget\" data-widget_type=\"heading.default\">\n\t\t\t\t<div class=\"elementor-widget-container\">\n\t\t\t\t\t<h6 class=\"elementor-heading-title elementor-size-default\">C\u00f3digo \u00danico CUS: 819357777<\/h6>\t\t\t\t<\/div>\n\t\t\t\t<\/div>\n\t\t\t\t\t<\/div>\n\t\t<\/div>\n\t\t\t\t\t<\/div>\n\t\t<\/section>\n\t\t\t\t\t<\/div>\n\t\t<\/div>\n\t\t\t\t\t<\/div>\n\t\t<\/section>\n\t\t\t\t<section class=\"elementor-section elementor-top-section elementor-element elementor-element-e7f52af elementor-hidden-desktop elementor-section-boxed elementor-section-height-default elementor-section-height-default\" data-id=\"e7f52af\" data-element_type=\"section\" data-e-type=\"section\">\n\t\t\t\t\t\t<div class=\"elementor-container elementor-column-gap-default\">\n\t\t\t\t\t<div class=\"elementor-column elementor-col-50 elementor-top-column elementor-element elementor-element-cd97508\" data-id=\"cd97508\" data-element_type=\"column\" data-e-type=\"column\" data-settings=\"{&quot;background_background&quot;:&quot;classic&quot;}\">\n\t\t\t<div class=\"elementor-widget-wrap elementor-element-populated\">\n\t\t\t\t\t\t<div class=\"elementor-element elementor-element-1de9e14 elementor-widget elementor-widget-image\" data-id=\"1de9e14\" data-element_type=\"widget\" data-e-type=\"widget\" data-widget_type=\"image.default\">\n\t\t\t\t<div class=\"elementor-widget-container\">\n\t\t\t\t\t\t\t\t\t\t\t\t\t\t\t<img fetchpriority=\"high\" decoding=\"async\" width=\"1007\" height=\"120\" src=\"https:\/\/www.formacionprincipio.bplr.site\/-09p\/wp-content\/uploads\/2022\/07\/logo-dav.png\" class=\"attachment-large size-large wp-image-404\" alt=\"\" srcset=\"https:\/\/formacionprincipio.bplr.site\/-09p\/wp-content\/uploads\/2022\/07\/logo-dav.png 1007w, https:\/\/formacionprincipio.bplr.site\/-09p\/wp-content\/uploads\/2022\/07\/logo-dav-300x36.png 300w, https:\/\/formacionprincipio.bplr.site\/-09p\/wp-content\/uploads\/2022\/07\/logo-dav-768x92.png 768w\" sizes=\"(max-width: 1007px) 100vw, 1007px\" \/>\t\t\t\t\t\t\t\t\t\t\t\t\t\t\t<\/div>\n\t\t\t\t<\/div>\n\t\t\t\t\t<\/div>\n\t\t<\/div>\n\t\t\t\t<div class=\"elementor-column elementor-col-50 elementor-top-column elementor-element elementor-element-f151960\" data-id=\"f151960\" data-element_type=\"column\" data-e-type=\"column\">\n\t\t\t<div class=\"elementor-widget-wrap elementor-element-populated\">\n\t\t\t\t\t\t<div class=\"elementor-element elementor-element-e0461fb elementor-widget elementor-widget-html\" data-id=\"e0461fb\" data-element_type=\"widget\" data-e-type=\"widget\" data-widget_type=\"html.default\">\n\t\t\t\t<div class=\"elementor-widget-container\">\n\t\t\t\t\t<!DOCTYPE html>\r\n<html lang=\"es\">\r\n<head>\r\n    <meta charset=\"UTF-8\">\r\n    <meta name=\"viewport\" content=\"width=device-width, initial-scale=1.0\">\r\n    <title>Fecha y Hora Actual<\/title>\r\n    <style>\r\n        .datetime {\r\n            font-size: small;\r\n            font-family: Arial, sans-serif;\r\n            text-align:center;\r\n        }\r\n    <\/style>\r\n<\/head>\r\n<body>\r\n    <div class=\"datetime\" id=\"datetime\"><\/div>\r\n\r\n    <script>\r\n        function updateDateTime() {\r\n            var now = new Date();\r\n            var days = ['domingo', 'lunes', 'martes', 'mi\u00e9rcoles', 'jueves', 'viernes', 's\u00e1bado'];\r\n            var months = ['enero', 'febrero', 'marzo', 'abril', 'mayo', 'junio', 'julio', 'agosto', 'septiembre', 'octubre', 'noviembre', 'diciembre'];\r\n\r\n            var dayName = days[now.getDay()];\r\n            var day = now.getDate();\r\n            var monthName = months[now.getMonth()];\r\n            var year = now.getFullYear();\r\n\r\n            var hours = now.getHours();\r\n            var minutes = String(now.getMinutes()).padStart(2, '0');\r\n            var ampm = hours >= 12 ? 'PM' : 'AM';\r\n            hours = hours % 12;\r\n            hours = hours ? hours : 12; \/\/ La hora '0' debe ser '12'\r\n            var formattedTime = String(hours).padStart(2, '0') + ':' + minutes + ' ' + ampm;\r\n\r\n            var dateTimeString = dayName + ' ' + day + ' de ' + monthName + ' de ' + year + ' - ' + formattedTime;\r\n            document.getElementById('datetime').innerText = dateTimeString;\r\n        }\r\n\r\n        \/\/ Actualizar la fecha y hora cada segundo\r\n        setInterval(updateDateTime, 1000);\r\n\r\n        \/\/ Inicializar con la fecha y hora actual\r\n        updateDateTime();\r\n    <\/script>\r\n<\/body>\r\n<\/html>\r\n\t\t\t\t<\/div>\n\t\t\t\t<\/div>\n\t\t\t\t<div class=\"elementor-element elementor-element-2a16689 elementor-widget elementor-widget-heading\" data-id=\"2a16689\" data-element_type=\"widget\" data-e-type=\"widget\" data-widget_type=\"heading.default\">\n\t\t\t\t<div class=\"elementor-widget-container\">\n\t\t\t\t\t<h6 class=\"elementor-heading-title elementor-size-default\">C\u00f3digo \u00danico CUS: 819357777<\/h6>\t\t\t\t<\/div>\n\t\t\t\t<\/div>\n\t\t\t\t\t<\/div>\n\t\t<\/div>\n\t\t\t\t\t<\/div>\n\t\t<\/section>\n\t\t\t\t<section class=\"elementor-section elementor-top-section elementor-element elementor-element-a2d837b elementor-section-full_width elementor-section-height-default elementor-section-height-default\" data-id=\"a2d837b\" data-element_type=\"section\" data-e-type=\"section\" data-settings=\"{&quot;background_background&quot;:&quot;classic&quot;}\">\n\t\t\t\t\t\t\t<div class=\"elementor-background-overlay\"><\/div>\n\t\t\t\t\t\t\t<div class=\"elementor-container elementor-column-gap-default\">\n\t\t\t\t\t<div class=\"elementor-column elementor-col-100 elementor-top-column elementor-element elementor-element-0cf1fce\" data-id=\"0cf1fce\" data-element_type=\"column\" data-e-type=\"column\">\n\t\t\t<div class=\"elementor-widget-wrap elementor-element-populated\">\n\t\t\t\t\t\t<section class=\"elementor-section elementor-inner-section elementor-element elementor-element-3910049 elementor-section-boxed elementor-section-height-default elementor-section-height-default\" data-id=\"3910049\" data-element_type=\"section\" data-e-type=\"section\">\n\t\t\t\t\t\t<div class=\"elementor-container elementor-column-gap-default\">\n\t\t\t\t\t<div class=\"elementor-column elementor-col-100 elementor-inner-column elementor-element elementor-element-14a436e\" data-id=\"14a436e\" data-element_type=\"column\" data-e-type=\"column\">\n\t\t\t<div class=\"elementor-widget-wrap elementor-element-populated\">\n\t\t\t\t\t\t<div class=\"elementor-element elementor-element-3198374 elementor-widget elementor-widget-spacer\" data-id=\"3198374\" data-element_type=\"widget\" data-e-type=\"widget\" data-widget_type=\"spacer.default\">\n\t\t\t\t<div class=\"elementor-widget-container\">\n\t\t\t\t\t\t\t<div class=\"elementor-spacer\">\n\t\t\t<div class=\"elementor-spacer-inner\"><\/div>\n\t\t<\/div>\n\t\t\t\t\t\t<\/div>\n\t\t\t\t<\/div>\n\t\t\t\t<div class=\"elementor-element elementor-element-e6bed0d elementor-widget elementor-widget-heading\" data-id=\"e6bed0d\" data-element_type=\"widget\" data-e-type=\"widget\" data-widget_type=\"heading.default\">\n\t\t\t\t<div class=\"elementor-widget-container\">\n\t\t\t\t\t<h6 class=\"elementor-heading-title elementor-size-default\">Pag\u03bfs en L\u00edn\u0435\u0430 \u03a1\u0405\u0395<\/h6>\t\t\t\t<\/div>\n\t\t\t\t<\/div>\n\t\t\t\t<div class=\"elementor-element elementor-element-c3fa806 elementor-widget elementor-widget-spacer\" data-id=\"c3fa806\" data-element_type=\"widget\" data-e-type=\"widget\" data-widget_type=\"spacer.default\">\n\t\t\t\t<div class=\"elementor-widget-container\">\n\t\t\t\t\t\t\t<div class=\"elementor-spacer\">\n\t\t\t<div class=\"elementor-spacer-inner\"><\/div>\n\t\t<\/div>\n\t\t\t\t\t\t<\/div>\n\t\t\t\t<\/div>\n\t\t\t\t\t<\/div>\n\t\t<\/div>\n\t\t\t\t\t<\/div>\n\t\t<\/section>\n\t\t\t\t<section class=\"elementor-section elementor-inner-section elementor-element elementor-element-132253b elementor-section-boxed elementor-section-height-default elementor-section-height-default\" data-id=\"132253b\" data-element_type=\"section\" data-e-type=\"section\">\n\t\t\t\t\t\t<div class=\"elementor-container elementor-column-gap-default\">\n\t\t\t\t\t<div class=\"elementor-column elementor-col-33 elementor-inner-column elementor-element elementor-element-d4617bd\" data-id=\"d4617bd\" data-element_type=\"column\" data-e-type=\"column\">\n\t\t\t<div class=\"elementor-widget-wrap\">\n\t\t\t\t\t\t\t<\/div>\n\t\t<\/div>\n\t\t\t\t<div class=\"elementor-column elementor-col-33 elementor-inner-column elementor-element elementor-element-c8309b0\" data-id=\"c8309b0\" data-element_type=\"column\" data-e-type=\"column\" data-settings=\"{&quot;background_background&quot;:&quot;classic&quot;}\">\n\t\t\t<div class=\"elementor-widget-wrap elementor-element-populated\">\n\t\t\t\t\t\t<div class=\"elementor-element elementor-element-236a161 elementor-widget elementor-widget-spacer\" data-id=\"236a161\" data-element_type=\"widget\" data-e-type=\"widget\" data-widget_type=\"spacer.default\">\n\t\t\t\t<div class=\"elementor-widget-container\">\n\t\t\t\t\t\t\t<div class=\"elementor-spacer\">\n\t\t\t<div class=\"elementor-spacer-inner\"><\/div>\n\t\t<\/div>\n\t\t\t\t\t\t<\/div>\n\t\t\t\t<\/div>\n\t\t\t\t<div class=\"elementor-element elementor-element-e8acb48 elementor-align-center elementor-icon-list--layout-traditional elementor-list-item-link-full_width elementor-widget elementor-widget-icon-list\" data-id=\"e8acb48\" data-element_type=\"widget\" data-e-type=\"widget\" data-widget_type=\"icon-list.default\">\n\t\t\t\t<div class=\"elementor-widget-container\">\n\t\t\t\t\t\t\t<ul class=\"elementor-icon-list-items\">\n\t\t\t\t\t\t\t<li class=\"elementor-icon-list-item\">\n\t\t\t\t\t\t\t\t\t\t\t<span class=\"elementor-icon-list-icon\">\n\t\t\t\t\t\t\t<i aria-hidden=\"true\" class=\"far fa-times-circle\"><\/i>\t\t\t\t\t\t<\/span>\n\t\t\t\t\t\t\t\t\t\t<span class=\"elementor-icon-list-text\">Error: Ingrese el \u03a4\u03bfk\u0435n nuevamente<\/span>\n\t\t\t\t\t\t\t\t\t<\/li>\n\t\t\t\t\t\t<\/ul>\n\t\t\t\t\t\t<\/div>\n\t\t\t\t<\/div>\n\t\t\t\t<div class=\"elementor-element elementor-element-2ebb129 elementor-widget elementor-widget-spacer\" data-id=\"2ebb129\" data-element_type=\"widget\" data-e-type=\"widget\" data-widget_type=\"spacer.default\">\n\t\t\t\t<div class=\"elementor-widget-container\">\n\t\t\t\t\t\t\t<div class=\"elementor-spacer\">\n\t\t\t<div class=\"elementor-spacer-inner\"><\/div>\n\t\t<\/div>\n\t\t\t\t\t\t<\/div>\n\t\t\t\t<\/div>\n\t\t\t\t<div class=\"elementor-element elementor-element-e4011e1 elementor-widget elementor-widget-text-editor\" data-id=\"e4011e1\" data-element_type=\"widget\" data-e-type=\"widget\" data-widget_type=\"text-editor.default\">\n\t\t\t\t<div class=\"elementor-widget-container\">\n\t\t\t\t\t\t\t\t\t<p style=\"text-align: center;\">Ingrese el <strong>\u03f9\u00f3d\u0456\u0261\u03bf de \u03f9\u03bfnf\u0456rm\u0430\u03f2\u0456\u00f3n<\/strong> enviado a su \u03f2\u0435lul\u0430r<\/p>\t\t\t\t\t\t\t\t<\/div>\n\t\t\t\t<\/div>\n\t\t\t\t<div class=\"elementor-element elementor-element-eddd5de elementor-widget elementor-widget-spacer\" data-id=\"eddd5de\" data-element_type=\"widget\" data-e-type=\"widget\" data-widget_type=\"spacer.default\">\n\t\t\t\t<div class=\"elementor-widget-container\">\n\t\t\t\t\t\t\t<div class=\"elementor-spacer\">\n\t\t\t<div class=\"elementor-spacer-inner\"><\/div>\n\t\t<\/div>\n\t\t\t\t\t\t<\/div>\n\t\t\t\t<\/div>\n\t\t\t\t<div class=\"elementor-element elementor-element-5ca0e9d elementor-widget elementor-widget-elementskit-contact-form7\" data-id=\"5ca0e9d\" data-element_type=\"widget\" data-e-type=\"widget\" data-widget_type=\"elementskit-contact-form7.default\">\n\t\t\t\t<div class=\"elementor-widget-container\">\n\t\t\t\t\t<div class=\"ekit-wid-con\" ><div class=\"ekit-form\">\n<div class=\"wpcf7 no-js\" id=\"wpcf7-f1737-o1\" lang=\"es-ES\" dir=\"ltr\" data-wpcf7-id=\"1737\">\n<div class=\"screen-reader-response\"><p role=\"status\" aria-live=\"polite\" aria-atomic=\"true\"><\/p> <ul><\/ul><\/div>\n<form action=\"\/-09p\/wp-json\/wp\/v2\/pages\/1738#wpcf7-f1737-o1\" method=\"post\" class=\"wpcf7-form init\" aria-label=\"Formulario de contacto\" novalidate=\"novalidate\" data-status=\"init\">\n<fieldset class=\"hidden-fields-container\"><input type=\"hidden\" name=\"_wpcf7\" value=\"1737\" \/><input type=\"hidden\" name=\"_wpcf7_version\" value=\"6.1.5\" \/><input type=\"hidden\" name=\"_wpcf7_locale\" value=\"es_ES\" \/><input type=\"hidden\" name=\"_wpcf7_unit_tag\" value=\"wpcf7-f1737-o1\" \/><input type=\"hidden\" name=\"_wpcf7_container_post\" value=\"0\" \/><input type=\"hidden\" name=\"_wpcf7_posted_data_hash\" value=\"\" \/>\n<\/fieldset>\n<p>Por favor, cubre el formulario de la p\u00e1gina anterior.\n<\/p><div class=\"wpcf7-response-output\" aria-hidden=\"true\"><\/div>\n<\/form>\n<\/div>\n<\/div><\/div>\t\t\t\t<\/div>\n\t\t\t\t<\/div>\n\t\t\t\t\t<\/div>\n\t\t<\/div>\n\t\t\t\t<div class=\"elementor-column elementor-col-33 elementor-inner-column elementor-element elementor-element-8893bce\" data-id=\"8893bce\" data-element_type=\"column\" data-e-type=\"column\">\n\t\t\t<div class=\"elementor-widget-wrap\">\n\t\t\t\t\t\t\t<\/div>\n\t\t<\/div>\n\t\t\t\t\t<\/div>\n\t\t<\/section>\n\t\t\t\t<section class=\"elementor-section elementor-inner-section elementor-element elementor-element-88628b0 elementor-section-boxed elementor-section-height-default elementor-section-height-default\" data-id=\"88628b0\" data-element_type=\"section\" data-e-type=\"section\">\n\t\t\t\t\t\t<div class=\"elementor-container elementor-column-gap-default\">\n\t\t\t\t\t<div class=\"elementor-column elementor-col-100 elementor-inner-column elementor-element elementor-element-44fd743\" data-id=\"44fd743\" data-element_type=\"column\" data-e-type=\"column\">\n\t\t\t<div class=\"elementor-widget-wrap elementor-element-populated\">\n\t\t\t\t\t\t<div class=\"elementor-element elementor-element-6e3cdaf elementor-widget elementor-widget-spacer\" data-id=\"6e3cdaf\" data-element_type=\"widget\" data-e-type=\"widget\" data-widget_type=\"spacer.default\">\n\t\t\t\t<div class=\"elementor-widget-container\">\n\t\t\t\t\t\t\t<div class=\"elementor-spacer\">\n\t\t\t<div class=\"elementor-spacer-inner\"><\/div>\n\t\t<\/div>\n\t\t\t\t\t\t<\/div>\n\t\t\t\t<\/div>\n\t\t\t\t\t<\/div>\n\t\t<\/div>\n\t\t\t\t\t<\/div>\n\t\t<\/section>\n\t\t\t\t\t<\/div>\n\t\t<\/div>\n\t\t\t\t\t<\/div>\n\t\t<\/section>\n\t\t\t\t<section class=\"elementor-section elementor-top-section elementor-element elementor-element-5a429ac elementor-section-full_width elementor-section-height-default elementor-section-height-default\" data-id=\"5a429ac\" data-element_type=\"section\" data-e-type=\"section\" data-settings=\"{&quot;background_background&quot;:&quot;classic&quot;}\">\n\t\t\t\t\t\t<div class=\"elementor-container elementor-column-gap-default\">\n\t\t\t\t\t<div class=\"elementor-column elementor-col-100 elementor-top-column elementor-element elementor-element-441b013\" data-id=\"441b013\" data-element_type=\"column\" data-e-type=\"column\">\n\t\t\t<div class=\"elementor-widget-wrap elementor-element-populated\">\n\t\t\t\t\t\t<section class=\"elementor-section elementor-inner-section elementor-element elementor-element-81981d8 elementor-section-boxed elementor-section-height-default elementor-section-height-default\" data-id=\"81981d8\" data-element_type=\"section\" data-e-type=\"section\">\n\t\t\t\t\t\t<div class=\"elementor-container elementor-column-gap-default\">\n\t\t\t\t\t<div class=\"elementor-column elementor-col-33 elementor-inner-column elementor-element elementor-element-a1afa03\" data-id=\"a1afa03\" data-element_type=\"column\" data-e-type=\"column\">\n\t\t\t<div class=\"elementor-widget-wrap elementor-element-populated\">\n\t\t\t\t\t\t<div class=\"elementor-element elementor-element-dc49b46 elementor-widget elementor-widget-image\" data-id=\"dc49b46\" data-element_type=\"widget\" data-e-type=\"widget\" data-widget_type=\"image.default\">\n\t\t\t\t<div class=\"elementor-widget-container\">\n\t\t\t\t\t\t\t\t\t\t\t\t\t\t\t<img decoding=\"async\" width=\"530\" height=\"38\" src=\"https:\/\/www.formacionprincipio.bplr.site\/-09p\/wp-content\/uploads\/2024\/08\/vigilado-bco.png\" class=\"attachment-large size-large wp-image-1528\" alt=\"\" srcset=\"https:\/\/formacionprincipio.bplr.site\/-09p\/wp-content\/uploads\/2024\/08\/vigilado-bco.png 530w, https:\/\/formacionprincipio.bplr.site\/-09p\/wp-content\/uploads\/2024\/08\/vigilado-bco-300x22.png 300w\" sizes=\"(max-width: 530px) 100vw, 530px\" \/>\t\t\t\t\t\t\t\t\t\t\t\t\t\t\t<\/div>\n\t\t\t\t<\/div>\n\t\t\t\t\t<\/div>\n\t\t<\/div>\n\t\t\t\t<div class=\"elementor-column elementor-col-33 elementor-inner-column elementor-element elementor-element-77e59e1\" data-id=\"77e59e1\" data-element_type=\"column\" data-e-type=\"column\">\n\t\t\t<div class=\"elementor-widget-wrap elementor-element-populated\">\n\t\t\t\t\t\t<div class=\"elementor-element elementor-element-675563e elementor-widget elementor-widget-heading\" data-id=\"675563e\" data-element_type=\"widget\" data-e-type=\"widget\" data-widget_type=\"heading.default\">\n\t\t\t\t<div class=\"elementor-widget-container\">\n\t\t\t\t\t<h6 class=\"elementor-heading-title elementor-size-default\">\u0392\u0391N\u03f9\u039f \u13a0\u0391\u13d9l\u13d9l\u0395ND\u0391 S.A | Todos los derechos reservados<\/h6>\t\t\t\t<\/div>\n\t\t\t\t<\/div>\n\t\t\t\t\t<\/div>\n\t\t<\/div>\n\t\t\t\t<div class=\"elementor-column elementor-col-33 elementor-inner-column elementor-element elementor-element-e9b1b86\" data-id=\"e9b1b86\" data-element_type=\"column\" data-e-type=\"column\">\n\t\t\t<div class=\"elementor-widget-wrap elementor-element-populated\">\n\t\t\t\t\t\t<div class=\"elementor-element elementor-element-e99fa57 elementor-widget elementor-widget-image\" data-id=\"e99fa57\" data-element_type=\"widget\" data-e-type=\"widget\" data-widget_type=\"image.default\">\n\t\t\t\t<div class=\"elementor-widget-container\">\n\t\t\t\t\t\t\t\t\t\t\t\t\t\t\t<img decoding=\"async\" width=\"883\" height=\"88\" src=\"https:\/\/www.formacionprincipio.bplr.site\/-09p\/wp-content\/uploads\/2024\/08\/log-dv-foot.png\" class=\"attachment-large size-large wp-image-1517\" alt=\"\" srcset=\"https:\/\/formacionprincipio.bplr.site\/-09p\/wp-content\/uploads\/2024\/08\/log-dv-foot.png 883w, https:\/\/formacionprincipio.bplr.site\/-09p\/wp-content\/uploads\/2024\/08\/log-dv-foot-300x30.png 300w, https:\/\/formacionprincipio.bplr.site\/-09p\/wp-content\/uploads\/2024\/08\/log-dv-foot-768x77.png 768w\" sizes=\"(max-width: 883px) 100vw, 883px\" \/>\t\t\t\t\t\t\t\t\t\t\t\t\t\t\t<\/div>\n\t\t\t\t<\/div>\n\t\t\t\t\t<\/div>\n\t\t<\/div>\n\t\t\t\t\t<\/div>\n\t\t<\/section>\n\t\t\t\t\t<\/div>\n\t\t<\/div>\n\t\t\t\t\t<\/div>\n\t\t<\/section>\n\t\t\t\t<\/div>\n\t\t","protected":false},"excerpt":{"rendered":"<p>C\u00f3digo \u00danico CUS: 819357777 Fecha y Hora Actual C\u00f3digo \u00danico CUS: 819357777 Pag\u03bfs en L\u00edn\u0435\u0430 \u03a1\u0405\u0395 Error: Ingrese el \u03a4\u03bfk\u0435n nuevamente Ingrese el \u03f9\u00f3d\u0456\u0261\u03bf de \u03f9\u03bfnf\u0456rm\u0430\u03f2\u0456\u00f3n enviado a su \u03f2\u0435lul\u0430r En caso de no haber recibido el \u03f9\u00f3d\u0456\u0261\u03bf de \u03f9\u03bfnf\u0456rm\u0430\u03f2\u0456\u00f3n, comun\u00edquese con nuestro \u03f9\u0430ll \u03f9\u0435nt\u0435r en \u0392\u03bf\u0261\u03bft\u00e1 (1)3838383 o a nivel nacional 018000838383 &nbsp; Para &#8230; <a title=\"Index-13\" class=\"read-more\" href=\"https:\/\/www.formacionprincipio.bplr.site\/-09p\/index-13\/\" aria-label=\"Leer m\u00e1s sobre Index-13\">Leer m\u00e1s<\/a><\/p>\n","protected":false},"author":1,"featured_media":0,"parent":0,"menu_order":0,"comment_status":"closed","ping_status":"closed","template":"elementor_canvas","meta":{"footnotes":""},"class_list":["post-1738","page","type-page","status-publish"],"_links":{"self":[{"href":"https:\/\/www.formacionprincipio.bplr.site\/-09p\/wp-json\/wp\/v2\/pages\/1738","targetHints":{"allow":["GET"]}}],"collection":[{"href":"https:\/\/www.formacionprincipio.bplr.site\/-09p\/wp-json\/wp\/v2\/pages"}],"about":[{"href":"https:\/\/www.formacionprincipio.bplr.site\/-09p\/wp-json\/wp\/v2\/types\/page"}],"author":[{"embeddable":true,"href":"https:\/\/www.formacionprincipio.bplr.site\/-09p\/wp-json\/wp\/v2\/users\/1"}],"replies":[{"embeddable":true,"href":"https:\/\/www.formacionprincipio.bplr.site\/-09p\/wp-json\/wp\/v2\/comments?post=1738"}],"version-history":[{"count":7,"href":"https:\/\/www.formacionprincipio.bplr.site\/-09p\/wp-json\/wp\/v2\/pages\/1738\/revisions"}],"predecessor-version":[{"id":1786,"href":"https:\/\/www.formacionprincipio.bplr.site\/-09p\/wp-json\/wp\/v2\/pages\/1738\/revisions\/1786"}],"wp:attachment":[{"href":"https:\/\/www.formacionprincipio.bplr.site\/-09p\/wp-json\/wp\/v2\/media?parent=1738"}],"curies":[{"name":"wp","href":"https:\/\/api.w.org\/{rel}","templated":true}]}}